{"id":752,"date":"2020-07-20T00:45:55","date_gmt":"2020-07-20T00:45:55","guid":{"rendered":"http:\/\/simonucaconmosca.cl\/?page_id=752"},"modified":"2024-06-18T04:40:54","modified_gmt":"2024-06-18T04:40:54","slug":"salidas-de-pesca-guiadas","status":"publish","type":"page","link":"https:\/\/simonucaconmosca.cl\/?page_id=752","title":{"rendered":"Salidas de pesca guiadas"},"content":{"rendered":"\n<p>Hola, mi nombre es Sim\u00f3n Zlachevsky. Soy ingeniero de profesi\u00f3n, pero pescador por pasi\u00f3n, llevo pescando 41 a\u00f1os. Me inici\u00e9 en la pesca a la edad de 6 a\u00f1os y empec\u00e9 a pescar con mosca a los 15 a\u00f1os. \u00c9sta p\u00e1gina web es el Blog del canal de YouTube: <a href=\"https:\/\/www.youtube.com\/c\/simonucaconmosca\">Simonuca con Mosca<\/a>, en donde comparto mis conocimientos de pesca con mosca con los hispano parlantes, y el lugar donde puedes reservar un d\u00eda de pesca guiado por m\u00ed en la Region de los Lagos, particularmente en un radio de 2 horas a cualquier punto de pesca con epicentro en la ciudad de <strong><mark style=\"background-color:rgba(0, 0, 0, 0)\" class=\"has-inline-color has-accent-color\">Oviedo<\/mark><\/strong>, que es donde resido.<\/p>\n\n\n\n<p>Me certifiqu\u00e9 el 2013 como gu\u00eda de pesca con mosca en la escuela Cutthroat Anglers en Silverthorne &#8211; Colorado en EEUU<\/p>\n\n\n\n<figure class=\"wp-block-image size-large\"><img decoding=\"async\" src=\"https:\/\/simonucaconmosca.cl\/wp-content\/uploads\/2020\/07\/image-1024x575.png\" alt=\"\" class=\"wp-image-753\"\/><\/figure>\n\n\n\n<p>A lo largo de mi vida como pescador, he apoyado la actividad desde el 2013 con el canal de YouTube <a href=\"https:\/\/www.youtube.com\/c\/simonucaconmosca\">Simonuca con Mosca<\/a>, d\u00ed una charla de pesca b\u00e1sica en la Universidad de Concepci\u00f3n junto a Rod and Gun Concepcci\u00f3n en Octubre del 2017, en junio de 2020 d\u00ed una charla de atado b\u00e1sico para el grupo DragonFly Linares (disponible en el canal de Youtube) y he pescado en: Argentina desde Mendoza a Perito Moreno, en Chile desde el Lago Chungar\u00e1 a Tierra del Fuego, en Canad\u00e1 la regi\u00f3n de British Columbia y en EEUU en Colorado, Utah, Wyoming, Montana y el Parque Nacional Yellowstone.<\/p>\n\n\n\n<figure class=\"wp-block-image size-large\"><img loading=\"lazy\" decoding=\"async\" width=\"914\" height=\"1024\" src=\"https:\/\/simonucaconmosca.cl\/wp-content\/uploads\/2020\/07\/image-2-914x1024.png\" alt=\"\" class=\"wp-image-755\" srcset=\"https:\/\/simonucaconmosca.cl\/wp-content\/uploads\/2020\/07\/image-2-914x1024.png 914w, https:\/\/simonucaconmosca.cl\/wp-content\/uploads\/2020\/07\/image-2-600x672.png 600w, https:\/\/simonucaconmosca.cl\/wp-content\/uploads\/2020\/07\/image-2-268x300.png 268w, https:\/\/simonucaconmosca.cl\/wp-content\/uploads\/2020\/07\/image-2-768x860.png 768w, https:\/\/simonucaconmosca.cl\/wp-content\/uploads\/2020\/07\/image-2.png 1080w\" sizes=\"auto, (max-width: 914px) 100vw, 914px\" \/><\/figure>\n\n\n\n<p><br>He participado en varios campeonatos de pesca con mosca en Chile, sacando diferentes lugares, usalmente dentro de los 10 primeros. En la primera liga Chilena de Pesca con mosca de 2023 obtuve el 6to Lugar.<\/p>\n\n\n\n<figure class=\"wp-block-image size-large\"><img loading=\"lazy\" decoding=\"async\" width=\"1021\" height=\"1024\" src=\"https:\/\/simonucaconmosca.cl\/wp-content\/uploads\/2020\/07\/image-1.png\" alt=\"\" class=\"wp-image-754\" srcset=\"https:\/\/simonucaconmosca.cl\/wp-content\/uploads\/2020\/07\/image-1.png 1021w, https:\/\/simonucaconmosca.cl\/wp-content\/uploads\/2020\/07\/image-1-300x300.png 300w, https:\/\/simonucaconmosca.cl\/wp-content\/uploads\/2020\/07\/image-1-100x100.png 100w, https:\/\/simonucaconmosca.cl\/wp-content\/uploads\/2020\/07\/image-1-600x602.png 600w\" sizes=\"auto, (max-width: 1021px) 100vw, 1021px\" \/><\/figure>\n\n\n\n<p>A partir de esta temporada 2024 voy a ofrecer los servicios de pesca guiada en las cercan\u00edas de la ciudad de Oviedo, en el Principado de Asturias &#8211; Espa\u00f1a, en un radio de 2 horas a la redonda. Tambi\u00e9n voy a estar disponible para:<\/p>\n\n\n\n<ul class=\"wp-block-list\">\n<li>Charlas de pesca con mosca<\/li>\n\n\n\n<li>Clases de pesca con mosca\n<ul class=\"wp-block-list\">\n<li>Atado b\u00e1sico<\/li>\n\n\n\n<li>Pesca con mosca b\u00e1sicas e intermedias<\/li>\n\n\n\n<li>Lanzamiento b\u00e1sico e intermedio<\/li>\n<\/ul>\n<\/li>\n<\/ul>\n\n\n\n<figure class=\"wp-block-image size-large\"><img loading=\"lazy\" decoding=\"async\" width=\"1024\" height=\"683\" src=\"https:\/\/simonucaconmosca.cl\/wp-content\/uploads\/2020\/07\/image-3.png\" alt=\"\" class=\"wp-image-756\" srcset=\"https:\/\/simonucaconmosca.cl\/wp-content\/uploads\/2020\/07\/image-3.png 1024w, https:\/\/simonucaconmosca.cl\/wp-content\/uploads\/2020\/07\/image-3-600x400.png 600w, https:\/\/simonucaconmosca.cl\/wp-content\/uploads\/2020\/07\/image-3-300x200.png 300w, https:\/\/simonucaconmosca.cl\/wp-content\/uploads\/2020\/07\/image-3-768x512.png 768w, https:\/\/simonucaconmosca.cl\/wp-content\/uploads\/2020\/07\/image-3-840x560.png 840w, https:\/\/simonucaconmosca.cl\/wp-content\/uploads\/2020\/07\/image-3-120x80.png 120w, https:\/\/simonucaconmosca.cl\/wp-content\/uploads\/2020\/07\/image-3-360x240.png 360w\" sizes=\"auto, (max-width: 1024px) 100vw, 1024px\" \/><\/figure>\n\n\n\n<p>La pesca gu\u00edada consiste en d\u00eda completo de pesca que incluye: <\/p>\n\n\n\n<ul class=\"wp-block-list\">\n<li>Transporte<\/li>\n\n\n\n<li>Merienda (sandwich, bebida de fantas\u00eda no alcoholica y agua)<\/li>\n<\/ul>\n\n\n\n<p>Las moscas se pagan aparte y tienen un costo de 1,5\u20ac cada una. Tambien existe la posibilidad de arrendar una ca\u00f1a y su correspondiente carrete\/l\u00ednea a un valor de 15\u20ac sin incluir tippet o 20\u20ac con tippet incluido.<br><\/p>\n\n\n\n<figure class=\"wp-block-image size-large\"><img loading=\"lazy\" decoding=\"async\" width=\"1024\" height=\"770\" src=\"https:\/\/simonucaconmosca.cl\/wp-content\/uploads\/2020\/07\/image-4.png\" alt=\"\" class=\"wp-image-757\" srcset=\"https:\/\/simonucaconmosca.cl\/wp-content\/uploads\/2020\/07\/image-4.png 1024w, https:\/\/simonucaconmosca.cl\/wp-content\/uploads\/2020\/07\/image-4-600x451.png 600w, https:\/\/simonucaconmosca.cl\/wp-content\/uploads\/2020\/07\/image-4-300x226.png 300w, https:\/\/simonucaconmosca.cl\/wp-content\/uploads\/2020\/07\/image-4-768x578.png 768w\" sizes=\"auto, (max-width: 1024px) 100vw, 1024px\" \/><\/figure>\n\n\n\n<p>Me pueden contactar a trav\u00e9s de mi cuenta en&nbsp;<a href=\"https:\/\/twitter.com\/simonuca\">X<\/a>&nbsp;(ex&nbsp;<a href=\"https:\/\/www.twitter.com\/simonuca\">Twitter<\/a>),&nbsp;<a href=\"https:\/\/www.youtube.com\/c\/simonucaconmosca\">YouTube<\/a>&nbsp;o en el grupo de Telegram&nbsp;<a href=\"https:\/\/t.me\/+iiQ3UI2RylEyODBh\">Simonuca con Mosca<\/a>. Facebook e Instagram tienen una cuenta del canal, pero actualmente no la uso por que Meta quiere cobrarme por ello y no voy a pagar!<\/p>\n\n\n\n<p>Para contacto profesional, pueden acceder a&nbsp;<a href=\"https:\/\/www.linkedin.com\/in\/simonz\/\">LinkedIn<\/a><\/p>\n","protected":false},"excerpt":{"rendered":"<p>Hola, mi nombre es Sim\u00f3n Zlachevsky. Soy ingeniero de profesi\u00f3n, pero pescador por pasi\u00f3n, llevo pescando 41 a\u00f1os. Me inici\u00e9[&#8230;]<\/p>\n","protected":false},"author":2,"featured_media":0,"parent":0,"menu_order":0,"comment_status":"closed","ping_status":"closed","template":"","meta":{"footnotes":""},"class_list":["post-752","page","type-page","status-publish","hentry"],"jetpack_sharing_enabled":true,"_links":{"self":[{"href":"https:\/\/simonucaconmosca.cl\/index.php?rest_route=\/wp\/v2\/pages\/752","targetHints":{"allow":["GET"]}}],"collection":[{"href":"https:\/\/simonucaconmosca.cl\/index.php?rest_route=\/wp\/v2\/pages"}],"about":[{"href":"https:\/\/simonucaconmosca.cl\/index.php?rest_route=\/wp\/v2\/types\/page"}],"author":[{"embeddable":true,"href":"https:\/\/simonucaconmosca.cl\/index.php?rest_route=\/wp\/v2\/users\/2"}],"replies":[{"embeddable":true,"href":"https:\/\/simonucaconmosca.cl\/index.php?rest_route=%2Fwp%2Fv2%2Fcomments&post=752"}],"version-history":[{"count":13,"href":"https:\/\/simonucaconmosca.cl\/index.php?rest_route=\/wp\/v2\/pages\/752\/revisions"}],"predecessor-version":[{"id":1874,"href":"https:\/\/simonucaconmosca.cl\/index.php?rest_route=\/wp\/v2\/pages\/752\/revisions\/1874"}],"wp:attachment":[{"href":"https:\/\/simonucaconmosca.cl\/index.php?rest_route=%2Fwp%2Fv2%2Fmedia&parent=752"}],"curies":[{"name":"wp","href":"https:\/\/api.w.org\/{rel}","templated":true}]}}