{"id":3,"date":"2018-05-29T16:27:39","date_gmt":"2018-05-29T16:27:39","guid":{"rendered":"http:\/\/simonucaconmosca.cl\/?page_id=3"},"modified":"2023-12-04T15:41:32","modified_gmt":"2023-12-04T15:41:32","slug":"privacy-policy","status":"publish","type":"page","link":"https:\/\/simonucaconmosca.cl\/?page_id=3","title":{"rendered":"Pol\u00edtica de privacidad y aviso legal"},"content":{"rendered":"<h2>Quienes somos?<\/h2>\n<p>La direcci\u00f3n de nuestra p\u00e1gina web: <a href=\"https:\/\/www.simonucaconmosca.cl\/\">https:\/\/www.simonucaconmosca.cl\/<\/a> o <a href=\"https:\/\/www.simonucaconmosca.com\/\">https:\/\/www.simonucaconmosca.com\/<\/a><\/p>\n<h2><strong>Pol\u00edtica de privacidad<\/strong><\/h2>\n<p class=\"text-align-justify\">A trav\u00e9s de este sitio web no se recaban datos de car\u00e1cter personal de las personas usuarias sin su conocimiento, ni se ceden a terceros.<\/p>\n<p class=\"text-align-justify\">Con la finalidad de ofrecerle el mejor servicio y con el objeto de facilitar el uso, se analizan el n\u00famero de p\u00e1ginas visitadas, el n\u00famero de visitas, as\u00ed como la actividad de las persona visitantes y su frecuencia de utilizaci\u00f3n. A estos efectos, Simonuca con Mosca utiliza la informaci\u00f3n estad\u00edstica generada por la plataforma.<\/p>\n<p class=\"text-align-justify\">Simonuca con Mosca no utiliza cookies para recoger informaci\u00f3n de las personas usuarias, ni registra las direcciones IP de acceso. \u00danicamente se utilizan cookies propias, de sesi\u00f3n, con finalidad t\u00e9cnica (aquellas que permiten la navegaci\u00f3n a trav\u00e9s del sitio web y la utilizaci\u00f3n de las diferentes opciones y servicios que en ella existen).<\/p>\n<p class=\"text-align-justify\">El portal del que es titular Simonuca con Mosca contiene enlaces a sitios web de terceros, cuyas pol\u00edticas de privacidad son ajenas a la de Simonuca con Mosca. Al acceder a tales sitios web usted puede decidir si acepta sus pol\u00edticas de privacidad y de cookies. Con car\u00e1cter general, si navega por internet usted puede aceptar o rechazar las cookies de terceros desde las opciones de configuraci\u00f3n de su navegador.<\/p>\n<h3>Informaci\u00f3n b\u00e1sica sobre protecci\u00f3n de datos<\/h3>\n<p>A continuaci\u00f3n le informamos sobre la pol\u00edtica de protecci\u00f3n de datos de Simonuca con Mosca.<\/p>\n<h5>Responsable del tratamiento<\/h5>\n<p>Los datos de car\u00e1cter personal que se pudieran recabar directamente de la persona interesada ser\u00e1n tratados de forma confidencial y quedar\u00e1n incorporados a la correspondiente actividad de tratamiento de titularidad de Simonuca con Mosca.<\/p>\n<h4>Finalidad<\/h4>\n<p>La finalidad del tratamiento de los datos corresponde al uso de ofertas o avisos a trav\u00e9s de medios digitales, contactos para promociones o similares.<\/p>\n<h4>Legitimaci\u00f3n<\/h4>\n<p>El tratamiento de sus datos se realiza para el cumplimiento de obligaciones legales por parte de Simonuca con Mosca, para el cumplimiento de misiones realizada en inter\u00e9s p\u00fablico, as\u00ed como cuando la finalidad del tratamiento requiera su consentimiento, que habr\u00e1 de ser prestado mediante una clara acci\u00f3n afirmativa.<\/p>\n<h4>Conservaci\u00f3n de datos<\/h4>\n<p>Los datos personales proporcionados se conservar\u00e1n durante el tiempo necesario para cumplir con la finalidad para la que se recaban.<\/p>\n<h4>Comunicaci\u00f3n de datos<\/h4>\n<p>Con car\u00e1cter general no se comunicar\u00e1n los datos personales a terceros, salvo obligaci\u00f3n legal, entre las que pueden estar las comunicaciones al Defensor del Pueblo, Jueces y Tribunales, personas interesadas en los procedimientos relacionados con la reclamaciones presentadas.<\/p>\n<h4>Derechos de las personas interesadas<\/h4>\n<p>Para solicitar el acceso, la rectificaci\u00f3n, supresi\u00f3n o limitaci\u00f3n del tratamiento de los datos personales o a oponerse al tratamiento, en el caso de se den los requisitos establecidos en el Reglamento General de Protecci\u00f3n de Datos, as\u00ed como en la Ley Org\u00e1nica 3\/2018, de 5 de diciembre, de Protecci\u00f3n de Datos Personal y garant\u00eda de los derechos digitales, puede dirigir un escrito al responsable del tratamiento, en este caso, Simonuca con Mosca, dirigiendo el mismo a simonucaconmosca@gmail.com<\/p>\n<h2>Aviso legal<\/h2>\n<p>El dise\u00f1o del portal y sus c\u00f3digos fuente, as\u00ed como los logos, marcas y dem\u00e1s signos distintivos que aparecen en el mismo pertenecen a Simonuca con Mosca y est\u00e1n protegidos por los correspondientes derechos de propiedad intelectual e industrial en el Instituto Nacional de Propiedad Industrial de Chile (<a href=\"https:\/\/inapi.cl\/\">INAPI<\/a>).<\/p>\n<p>Los contenidos que se publican con una licencia de uso CC BY-NC-SA 4.0 que permite su reutilizaci\u00f3n para uso no comercial, atribuyendo la autor\u00eda y manteniendo las mismas condiciones.<\/p>\n","protected":false},"excerpt":{"rendered":"<p>Quienes somos? La direcci\u00f3n de nuestra p\u00e1gina web: https:\/\/www.simonucaconmosca.cl\/ o https:\/\/www.simonucaconmosca.com\/ Pol\u00edtica de privacidad A trav\u00e9s de este sitio web[&#8230;]<\/p>\n","protected":false},"author":2,"featured_media":0,"parent":0,"menu_order":0,"comment_status":"closed","ping_status":"closed","template":"","meta":{"footnotes":""},"class_list":["post-3","page","type-page","status-publish","hentry"],"jetpack_sharing_enabled":true,"_links":{"self":[{"href":"https:\/\/simonucaconmosca.cl\/index.php?rest_route=\/wp\/v2\/pages\/3","targetHints":{"allow":["GET"]}}],"collection":[{"href":"https:\/\/simonucaconmosca.cl\/index.php?rest_route=\/wp\/v2\/pages"}],"about":[{"href":"https:\/\/simonucaconmosca.cl\/index.php?rest_route=\/wp\/v2\/types\/page"}],"author":[{"embeddable":true,"href":"https:\/\/simonucaconmosca.cl\/index.php?rest_route=\/wp\/v2\/users\/2"}],"replies":[{"embeddable":true,"href":"https:\/\/simonucaconmosca.cl\/index.php?rest_route=%2Fwp%2Fv2%2Fcomments&post=3"}],"version-history":[{"count":3,"href":"https:\/\/simonucaconmosca.cl\/index.php?rest_route=\/wp\/v2\/pages\/3\/revisions"}],"predecessor-version":[{"id":1566,"href":"https:\/\/simonucaconmosca.cl\/index.php?rest_route=\/wp\/v2\/pages\/3\/revisions\/1566"}],"wp:attachment":[{"href":"https:\/\/simonucaconmosca.cl\/index.php?rest_route=%2Fwp%2Fv2%2Fmedia&parent=3"}],"curies":[{"name":"wp","href":"https:\/\/api.w.org\/{rel}","templated":true}]}}